{"id":988899,"date":"2025-05-09T11:19:26","date_gmt":"2025-05-09T09:19:26","guid":{"rendered":"https:\/\/franziskazimmermann.de\/?page_id=988899"},"modified":"2025-11-03T13:48:23","modified_gmt":"2025-11-03T12:48:23","slug":"imprint","status":"publish","type":"page","link":"https:\/\/franziskazimmermann.de\/en\/impressum\/","title":{"rendered":"Imprint"},"content":{"rendered":"<div data-elementor-type=\"wp-page\" data-elementor-id=\"988899\" class=\"elementor elementor-988899\" data-elementor-post-type=\"page\">\n\t\t\t\t<div class=\"elementor-element elementor-element-4fed05d7 e-flex e-con-boxed e-con e-parent\" data-id=\"4fed05d7\" data-element_type=\"container\" data-e-type=\"container\" id=\"next\">\n\t\t\t\t\t<div class=\"e-con-inner\">\n\t\t\t\t<div class=\"elementor-element elementor-element-5111f61 elementor-widget__width-initial elementor-widget-tablet__width-initial elementor-widget elementor-widget-heading\" data-id=\"5111f61\" data-element_type=\"widget\" data-e-type=\"widget\" data-widget_type=\"heading.default\">\n\t\t\t\t<div class=\"elementor-widget-container\">\n\t\t\t\t\t<h2 class=\"elementor-heading-title elementor-size-default\">Imprint<\/h2>\t\t\t\t<\/div>\n\t\t\t\t<\/div>\n\t\t\t\t<div class=\"elementor-element elementor-element-2500fd3 elementor-widget__width-initial elementor-widget-tablet__width-inherit elementor-widget elementor-widget-text-editor\" data-id=\"2500fd3\" data-element_type=\"widget\" data-e-type=\"widget\" data-widget_type=\"text-editor.default\">\n\t\t\t\t<div class=\"elementor-widget-container\">\n\t\t\t\t\t\t\t\t\t<p><strong>Franziska Zimmermann | Moderator &amp; Keynote Speaker Stuttgart<\/strong><\/p><p>SPEAK. SHINE. SELL.<\/p><p>Friedrichstrasse 13<br \/>70174 Stuttgart <br \/><span style=\"letter-spacing: var( --e-global-typography-vamtam_primary_font-letter-spacing, normal ); text-transform: var( --e-global-typography-vamtam_primary_font-transform, none ); text-decoration: var( --e-global-typography-vamtam_primary_font-decoration, none );\">Germany<\/span><\/p><p><a href=\"mailto:info@franziskazimmermann.de\">info@franziskazimmermann.de<\/a><br \/>Phone: +49 179 755 55 82<\/p><p>VAT ID: DE400088958<br \/>Tax number: 59497\/28043<\/p><p><strong>Responsibility for content<\/strong><br \/>Franziska Zimmermann<br \/><a href=\"mailto:info@franziskazimmermann.de\">info@franziskazimmermann.de<\/a><\/p><p><strong>Data protection<\/strong><br \/>Information on data protection can be found in my <a href=\"https:\/\/franziskazimmermann.de\/en\/datenschutz\/\"><em><span style=\"text-decoration: underline;\">Privacy Policy<\/span><\/em><\/a><\/p><p><strong>Professional liability insurance<\/strong><br \/>ERGO Group AG<br \/>ERGO-Platz 1<br \/>40198 D\u00fcsseldorf<br \/>Scope: Worldwide<\/p><p><strong>web design<\/strong><br \/>Marianne F\u00f6rster:\u00a0<a style=\"font-family: inherit; font-size: inherit; font-style: inherit; font-variant-caps: inherit; letter-spacing: var( --e-global-typography-vamtam_primary_font-letter-spacing, normal ); text-transform: var( --e-global-typography-vamtam_primary_font-transform, none );\" href=\"https:\/\/www.mariannefoerster.com\/\">https:\/\/www.mariannefoerster.com\/<\/a><\/p>\t\t\t\t\t\t\t\t<\/div>\n\t\t\t\t<\/div>\n\t\t\t\t\t<\/div>\n\t\t\t\t<\/div>\n\t\t\t\t<\/div>","protected":false},"excerpt":{"rendered":"<p>Impressum Franziska Zimmermann | Moderator &amp; Keynote Speaker Stuttgart SPEAK. SHINE. SELL. Friedrichstra\u00dfe 1370174 Stuttgart Deutschland \u2013 Germany info@franziskazimmermann.deTel.: +49 179 755 55 82 USt. ID: DE400088958Steuernummer: 59497\/28043 Inhaltliche VerantwortungFranziska Zimmermanninfo@franziskazimmermann.de DatenschutzInformationen zum Datenschutz finden Sie in meiner Datenschutzerkl\u00e4rung BerufshaftpflichtERGO Group AGERGO-Platz 140198 D\u00fcsseldorfGeltungsbereich: Weltweit WebdesignMarianne F\u00f6rster:\u00a0https:\/\/www.mariannefoerster.com\/<\/p>","protected":false},"author":4,"featured_media":987859,"parent":0,"menu_order":0,"comment_status":"closed","ping_status":"closed","template":"elementor_theme","meta":{"footnotes":""},"class_list":["post-988899","page","type-page","status-publish","has-post-thumbnail","hentry"],"yoast_head":"<!-- This site is optimized with the Yoast SEO plugin v27.6 - https:\/\/yoast.com\/product\/yoast-seo-wordpress\/ -->\n<title>Moderatorin &amp; Keynote Speaker | Franziska Zimmermann<\/title>\n<meta name=\"description\" content=\"Impressum der Keynote Speakerin und Moderatorin Franziska Zimmermann\" \/>\n<meta name=\"robots\" content=\"index, follow, max-snippet:-1, max-image-preview:large, max-video-preview:-1\" \/>\n<link rel=\"canonical\" href=\"https:\/\/franziskazimmermann.de\/en\/imprint\/\" \/>\n<meta property=\"og:locale\" content=\"en_GB\" \/>\n<meta property=\"og:type\" content=\"article\" \/>\n<meta property=\"og:title\" content=\"Moderatorin &amp; Keynote Speaker | Franziska Zimmermann\" \/>\n<meta property=\"og:description\" content=\"Impressum der Keynote Speakerin und Moderatorin Franziska Zimmermann\" \/>\n<meta property=\"og:url\" content=\"https:\/\/franziskazimmermann.de\/en\/imprint\/\" \/>\n<meta property=\"og:site_name\" content=\"Moderator &amp; Speaker Franziska Zimmermann\" \/>\n<meta property=\"article:modified_time\" content=\"2025-11-03T12:48:23+00:00\" \/>\n<meta property=\"og:image\" content=\"https:\/\/franziskazimmermann.de\/wp-content\/uploads\/2025\/05\/moderatorin-franziska-zimmermann-scaled.webp\" \/>\n\t<meta property=\"og:image:width\" content=\"1978\" \/>\n\t<meta property=\"og:image:height\" content=\"2560\" \/>\n\t<meta property=\"og:image:type\" content=\"image\/webp\" \/>\n<meta name=\"twitter:card\" content=\"summary_large_image\" \/>\n<meta name=\"twitter:label1\" content=\"Estimated reading time\" \/>\n\t<meta name=\"twitter:data1\" content=\"1 minute\" \/>\n<script type=\"application\/ld+json\" class=\"yoast-schema-graph\">{\"@context\":\"https:\\\/\\\/schema.org\",\"@graph\":[{\"@type\":\"WebPage\",\"@id\":\"https:\\\/\\\/franziskazimmermann.de\\\/impressum\\\/\",\"url\":\"https:\\\/\\\/franziskazimmermann.de\\\/impressum\\\/\",\"name\":\"Moderatorin & Keynote Speaker | Franziska Zimmermann\",\"isPartOf\":{\"@id\":\"https:\\\/\\\/franziskazimmermann.de\\\/#website\"},\"primaryImageOfPage\":{\"@id\":\"https:\\\/\\\/franziskazimmermann.de\\\/impressum\\\/#primaryimage\"},\"image\":{\"@id\":\"https:\\\/\\\/franziskazimmermann.de\\\/impressum\\\/#primaryimage\"},\"thumbnailUrl\":\"https:\\\/\\\/franziskazimmermann.de\\\/wp-content\\\/uploads\\\/2025\\\/05\\\/moderatorin-franziska-zimmermann-scaled.webp\",\"datePublished\":\"2025-05-09T09:19:26+00:00\",\"dateModified\":\"2025-11-03T12:48:23+00:00\",\"description\":\"Impressum der Keynote Speakerin und Moderatorin Franziska Zimmermann\",\"breadcrumb\":{\"@id\":\"https:\\\/\\\/franziskazimmermann.de\\\/impressum\\\/#breadcrumb\"},\"inLanguage\":\"en-GB\",\"potentialAction\":[{\"@type\":\"ReadAction\",\"target\":[\"https:\\\/\\\/franziskazimmermann.de\\\/impressum\\\/\"]}]},{\"@type\":\"ImageObject\",\"inLanguage\":\"en-GB\",\"@id\":\"https:\\\/\\\/franziskazimmermann.de\\\/impressum\\\/#primaryimage\",\"url\":\"https:\\\/\\\/franziskazimmermann.de\\\/wp-content\\\/uploads\\\/2025\\\/05\\\/moderatorin-franziska-zimmermann-scaled.webp\",\"contentUrl\":\"https:\\\/\\\/franziskazimmermann.de\\\/wp-content\\\/uploads\\\/2025\\\/05\\\/moderatorin-franziska-zimmermann-scaled.webp\",\"width\":1978,\"height\":2560,\"caption\":\"Portr\u00e4t der Moderatorin Franziska Zimmermann, die frontal in die Kamera lacht, einen wei\u00dfen Nadelstreifen-Blazer tragend\"},{\"@type\":\"BreadcrumbList\",\"@id\":\"https:\\\/\\\/franziskazimmermann.de\\\/impressum\\\/#breadcrumb\",\"itemListElement\":[{\"@type\":\"ListItem\",\"position\":1,\"name\":\"Startseite\",\"item\":\"https:\\\/\\\/franziskazimmermann.de\\\/\"},{\"@type\":\"ListItem\",\"position\":2,\"name\":\"Impressum\"}]},{\"@type\":\"WebSite\",\"@id\":\"https:\\\/\\\/franziskazimmermann.de\\\/#website\",\"url\":\"https:\\\/\\\/franziskazimmermann.de\\\/\",\"name\":\"Moderator &amp; Speaker Franziska Zimmermann\",\"description\":\"\",\"publisher\":{\"@id\":\"https:\\\/\\\/franziskazimmermann.de\\\/#organization\"},\"potentialAction\":[{\"@type\":\"SearchAction\",\"target\":{\"@type\":\"EntryPoint\",\"urlTemplate\":\"https:\\\/\\\/franziskazimmermann.de\\\/?s={search_term_string}\"},\"query-input\":{\"@type\":\"PropertyValueSpecification\",\"valueRequired\":true,\"valueName\":\"search_term_string\"}}],\"inLanguage\":\"en-GB\"},{\"@type\":\"Organization\",\"@id\":\"https:\\\/\\\/franziskazimmermann.de\\\/#organization\",\"name\":\"Moderator &amp; Speaker Franziska Zimmermann\",\"url\":\"https:\\\/\\\/franziskazimmermann.de\\\/\",\"logo\":{\"@type\":\"ImageObject\",\"inLanguage\":\"en-GB\",\"@id\":\"https:\\\/\\\/franziskazimmermann.de\\\/#\\\/schema\\\/logo\\\/image\\\/\",\"url\":\"https:\\\/\\\/franziskazimmermann.de\\\/wp-content\\\/uploads\\\/2025\\\/05\\\/Eventmoderator-Speaker-Franziska-Zimmermann-Logo-beige.jpg\",\"contentUrl\":\"https:\\\/\\\/franziskazimmermann.de\\\/wp-content\\\/uploads\\\/2025\\\/05\\\/Eventmoderator-Speaker-Franziska-Zimmermann-Logo-beige.jpg\",\"width\":625,\"height\":165,\"caption\":\"Moderator &amp; Speaker Franziska Zimmermann\"},\"image\":{\"@id\":\"https:\\\/\\\/franziskazimmermann.de\\\/#\\\/schema\\\/logo\\\/image\\\/\"}}]}<\/script>\n<!-- \/ Yoast SEO plugin. -->","yoast_head_json":{"title":"Moderator &amp; Keynote Speaker | Franziska Zimmermann","description":"Imprint of the keynote speaker and moderator Franziska Zimmermann","robots":{"index":"index","follow":"follow","max-snippet":"max-snippet:-1","max-image-preview":"max-image-preview:large","max-video-preview":"max-video-preview:-1"},"canonical":"https:\/\/franziskazimmermann.de\/en\/imprint\/","og_locale":"en_GB","og_type":"article","og_title":"Moderatorin & Keynote Speaker | Franziska Zimmermann","og_description":"Impressum der Keynote Speakerin und Moderatorin Franziska Zimmermann","og_url":"https:\/\/franziskazimmermann.de\/en\/imprint\/","og_site_name":"Moderator &amp; Speaker Franziska Zimmermann","article_modified_time":"2025-11-03T12:48:23+00:00","og_image":[{"width":1978,"height":2560,"url":"https:\/\/franziskazimmermann.de\/wp-content\/uploads\/2025\/05\/moderatorin-franziska-zimmermann-scaled.webp","type":"image\/webp"}],"twitter_card":"summary_large_image","twitter_misc":{"Estimated reading time":"1 minute"},"schema":{"@context":"https:\/\/schema.org","@graph":[{"@type":"WebPage","@id":"https:\/\/franziskazimmermann.de\/impressum\/","url":"https:\/\/franziskazimmermann.de\/impressum\/","name":"Moderator &amp; Keynote Speaker | Franziska Zimmermann","isPartOf":{"@id":"https:\/\/franziskazimmermann.de\/#website"},"primaryImageOfPage":{"@id":"https:\/\/franziskazimmermann.de\/impressum\/#primaryimage"},"image":{"@id":"https:\/\/franziskazimmermann.de\/impressum\/#primaryimage"},"thumbnailUrl":"https:\/\/franziskazimmermann.de\/wp-content\/uploads\/2025\/05\/moderatorin-franziska-zimmermann-scaled.webp","datePublished":"2025-05-09T09:19:26+00:00","dateModified":"2025-11-03T12:48:23+00:00","description":"Imprint of the keynote speaker and moderator Franziska Zimmermann","breadcrumb":{"@id":"https:\/\/franziskazimmermann.de\/impressum\/#breadcrumb"},"inLanguage":"en-GB","potentialAction":[{"@type":"ReadAction","target":["https:\/\/franziskazimmermann.de\/impressum\/"]}]},{"@type":"ImageObject","inLanguage":"en-GB","@id":"https:\/\/franziskazimmermann.de\/impressum\/#primaryimage","url":"https:\/\/franziskazimmermann.de\/wp-content\/uploads\/2025\/05\/moderatorin-franziska-zimmermann-scaled.webp","contentUrl":"https:\/\/franziskazimmermann.de\/wp-content\/uploads\/2025\/05\/moderatorin-franziska-zimmermann-scaled.webp","width":1978,"height":2560,"caption":"Portr\u00e4t der Moderatorin Franziska Zimmermann, die frontal in die Kamera lacht, einen wei\u00dfen Nadelstreifen-Blazer tragend"},{"@type":"BreadcrumbList","@id":"https:\/\/franziskazimmermann.de\/impressum\/#breadcrumb","itemListElement":[{"@type":"ListItem","position":1,"name":"Startseite","item":"https:\/\/franziskazimmermann.de\/"},{"@type":"ListItem","position":2,"name":"Impressum"}]},{"@type":"WebSite","@id":"https:\/\/franziskazimmermann.de\/#website","url":"https:\/\/franziskazimmermann.de\/","name":"Moderator &amp; Speaker Franziska Zimmermann","description":"","publisher":{"@id":"https:\/\/franziskazimmermann.de\/#organization"},"potentialAction":[{"@type":"SearchAction","target":{"@type":"EntryPoint","urlTemplate":"https:\/\/franziskazimmermann.de\/?s={search_term_string}"},"query-input":{"@type":"PropertyValueSpecification","valueRequired":true,"valueName":"search_term_string"}}],"inLanguage":"en-GB"},{"@type":"Organization","@id":"https:\/\/franziskazimmermann.de\/#organization","name":"Moderator &amp; Speaker Franziska Zimmermann","url":"https:\/\/franziskazimmermann.de\/","logo":{"@type":"ImageObject","inLanguage":"en-GB","@id":"https:\/\/franziskazimmermann.de\/#\/schema\/logo\/image\/","url":"https:\/\/franziskazimmermann.de\/wp-content\/uploads\/2025\/05\/Eventmoderator-Speaker-Franziska-Zimmermann-Logo-beige.jpg","contentUrl":"https:\/\/franziskazimmermann.de\/wp-content\/uploads\/2025\/05\/Eventmoderator-Speaker-Franziska-Zimmermann-Logo-beige.jpg","width":625,"height":165,"caption":"Moderator &amp; Speaker Franziska Zimmermann"},"image":{"@id":"https:\/\/franziskazimmermann.de\/#\/schema\/logo\/image\/"}}]}},"_links":{"self":[{"href":"https:\/\/franziskazimmermann.de\/en\/wp-json\/wp\/v2\/pages\/988899","targetHints":{"allow":["GET"]}}],"collection":[{"href":"https:\/\/franziskazimmermann.de\/en\/wp-json\/wp\/v2\/pages"}],"about":[{"href":"https:\/\/franziskazimmermann.de\/en\/wp-json\/wp\/v2\/types\/page"}],"author":[{"embeddable":true,"href":"https:\/\/franziskazimmermann.de\/en\/wp-json\/wp\/v2\/users\/4"}],"replies":[{"embeddable":true,"href":"https:\/\/franziskazimmermann.de\/en\/wp-json\/wp\/v2\/comments?post=988899"}],"version-history":[{"count":10,"href":"https:\/\/franziskazimmermann.de\/en\/wp-json\/wp\/v2\/pages\/988899\/revisions"}],"predecessor-version":[{"id":990374,"href":"https:\/\/franziskazimmermann.de\/en\/wp-json\/wp\/v2\/pages\/988899\/revisions\/990374"}],"wp:featuredmedia":[{"embeddable":true,"href":"https:\/\/franziskazimmermann.de\/en\/wp-json\/wp\/v2\/media\/987859"}],"wp:attachment":[{"href":"https:\/\/franziskazimmermann.de\/en\/wp-json\/wp\/v2\/media?parent=988899"}],"curies":[{"name":"wp","href":"https:\/\/api.w.org\/{rel}","templated":true}]}}